{"id":578,"date":"2026-04-07T04:57:05","date_gmt":"2026-04-07T02:57:05","guid":{"rendered":"http:\/\/localhost\/ybde10.com\/?page_id=578"},"modified":"2026-04-20T05:32:05","modified_gmt":"2026-04-20T03:32:05","slug":"widerrufsbelehrung","status":"publish","type":"page","link":"https:\/\/www.arvobau.com\/widerrufsbelehrung\/","title":{"rendered":"Widerrufsbelehrung"},"content":{"rendered":"\n<div class=\"wp-block-columns is-layout-flex wp-container-core-columns-is-layout-28f84493 wp-block-columns-is-layout-flex\">\n<div class=\"wp-block-column is-layout-flow wp-block-column-is-layout-flow\">\n<!DOCTYPE html>\n<html lang=\"de\">\n<head>\n  <meta charset=\"UTF-8\">\n  <meta name=\"viewport\" content=\"width=device-width, initial-scale=1.0\">\n  <title>R\u00fcckgabe- und R\u00fcckerstattungsrichtlinie &#8211; arvobau.com<\/title>\n  <meta name=\"description\" content=\"Informieren Sie sich \u00fcber die R\u00fcckgabe- und R\u00fcckerstattungsrichtlinie von arvobau.com. Einfache und sichere Prozesse f\u00fcr R\u00fcckgaben, Umtausch und Erstattungen Ihrer Online-Eink\u00e4ufe.\">\n  <script src=\"https:\/\/cdn.tailwindcss.com\"><\/script>\n  <!-- SEO-freundliche URL: \/ruckgabe-und-rueckerstattungsrichtlinie\/ -->\n<\/head>\n<body class=\"bg-gray-50 text-gray-800 font-sans leading-relaxed\">\n\n  <header class=\"bg-white shadow\">\n    <div class=\"container mx-auto px-6 py-4\">\n      <h1 class=\"text-3xl font-bold text-gray-900\">R\u00fcckgabe- und R\u00fcckerstattungsrichtlinie<\/h1>\n    <\/div>\n  <\/header>\n\n  <main class=\"container mx-auto px-6 py-8\">\n    <p class=\"mb-6\">Bei arvobau.com m\u00f6chten wir sicherstellen, dass jeder Einkauf eine positive Erfahrung ist. Wenn Sie mit Ihrer Bestellung nicht vollst\u00e4ndig zufrieden sind, bieten wir einen klaren und sicheren Prozess f\u00fcr R\u00fcckgaben und R\u00fcckerstattungen.<\/p>\n\n    <h2 class=\"text-2xl font-semibold mb-4\">1. R\u00fcckgabebedingungen<\/h2>\n    <ul class=\"list-disc list-inside mb-6\">\n      <li>Anfragen innerhalb von 30 Tagen nach Erhalt des Produkts.<\/li>\n      <li>Das Produkt muss unbenutzt, in einwandfreiem Zustand und in der Originalverpackung sein.<\/li>\n      <li>Ein Kaufbeleg oder eine Bestellnummer ist erforderlich.<\/li>\n      <li>Personalisierte oder speziell angefertigte Produkte sind vom Umtausch ausgeschlossen, au\u00dfer bei Herstellungsfehlern.<\/li>\n    <\/ul>\n\n    <h2 class=\"text-2xl font-semibold mb-4\">2. So f\u00fchren Sie eine R\u00fcckgabe durch<\/h2>\n    <ol class=\"list-decimal list-inside mb-6\">\n      <li>Kontaktieren Sie uns unter <a href=\"mailto:service@arvobau.com\" class=\"text-blue-600 hover:underline\">service@arvobau.com<\/a> und geben Sie den Grund sowie Ihre Bestellnummer an.<\/li>\n      <li>Sie erhalten Anweisungen, wie Sie das Produkt zur\u00fccksenden k\u00f6nnen.<\/li>\n      <li>Nach Eingang und \u00dcberpr\u00fcfung veranlassen wir die R\u00fcckerstattung oder senden auf Wunsch einen Ersatzartikel.<\/li>\n    <\/ol>\n\n    <h2 class=\"text-2xl font-semibold mb-4\">3. R\u00fcckerstattungen<\/h2>\n    <p class=\"mb-6\">R\u00fcckerstattungen erfolgen \u00fcber die gleiche Zahlungsmethode, die bei der Bestellung verwendet wurde. Die Bearbeitungszeit kann je nach Bank variieren und betr\u00e4gt in der Regel 5 bis 10 Werktage.<\/p>\n\n    <h2 class=\"text-2xl font-semibold mb-4\">4. Produktumtausch<\/h2>\n    <p class=\"mb-6\">Wenn Sie einen Artikel gegen ein Produkt von gleichem oder h\u00f6herem Wert umtauschen m\u00f6chten, kontaktieren Sie bitte <a href=\"mailto:service@arvobau.com\" class=\"text-blue-600 hover:underline\">service@arvobau.com<\/a>, um die Verf\u00fcgbarkeit zu pr\u00fcfen und den Austausch zu koordinieren.<\/p>\n\n    <h2 class=\"text-2xl font-semibold mb-4\">5. Produkte mit Defekten oder Sch\u00e4den<\/h2>\n    <p class=\"mb-6\">Wenn Sie einen besch\u00e4digten oder defekten Artikel erhalten, informieren Sie uns bitte umgehend, damit wir einen Ersatz oder eine vollst\u00e4ndige R\u00fcckerstattung veranlassen k\u00f6nnen.<\/p>\n\n    <p>Bei arvobau.com garantieren wir einen transparenten und unkomplizierten R\u00fcckgabeprozess, damit jeder Kunde zufrieden und sicher einkaufen kann.<\/p>\n  <\/main>\n\n  <footer class=\"bg-white shadow mt-12\">\n    <div class=\"container mx-auto px-6 py-4 text-center text-gray-500 text-sm\">\n      &copy; 2026 arvobau.com | Alle Rechte vorbehalten\n    <\/div>\n  <\/footer>\n<\/body>\n<\/html>\n<\/div>\n<\/div>\n","protected":false},"excerpt":{"rendered":"<p>R\u00fcckgabe- und R\u00fcckerstattungsrichtlinie &#8211; arvobau.com R\u00fcckgabe- und R\u00fcckerstattungsrichtlinie Bei arvobau.com m\u00f6chten wir sicherstellen, dass jeder Einkauf eine positive Erfahrung ist. Wenn Sie mit Ihrer Bestellung nicht vollst\u00e4ndig zufrieden sind, bieten wir einen klaren und sicheren Prozess f\u00fcr R\u00fcckgaben und R\u00fcckerstattungen. 1. R\u00fcckgabebedingungen Anfragen innerhalb von 30 Tagen nach Erhalt des Produkts. Das Produkt muss unbenutzt, [&hellip;]<\/p>\n","protected":false},"author":1,"featured_media":0,"parent":0,"menu_order":0,"comment_status":"closed","ping_status":"closed","template":"","meta":{"footnotes":""},"class_list":["post-578","page","type-page","status-publish","hentry"],"blocksy_meta":[],"yoast_head":"<!-- This site is optimized with the Yoast SEO plugin v27.3 - https:\/\/yoast.com\/product\/yoast-seo-wordpress\/ -->\n<title>Widerrufsbelehrung - Werkzeuge &amp; Baustoffe<\/title>\n<meta name=\"robots\" content=\"index, follow, max-snippet:-1, max-image-preview:large, max-video-preview:-1\" \/>\n<link rel=\"canonical\" href=\"https:\/\/www.arvobau.com\/widerrufsbelehrung\/\" \/>\n<meta property=\"og:locale\" content=\"de_DE\" \/>\n<meta property=\"og:type\" content=\"article\" \/>\n<meta property=\"og:title\" content=\"Widerrufsbelehrung - Werkzeuge &amp; Baustoffe\" \/>\n<meta property=\"og:description\" content=\"R\u00fcckgabe- und R\u00fcckerstattungsrichtlinie &#8211; arvobau.com R\u00fcckgabe- und R\u00fcckerstattungsrichtlinie Bei arvobau.com m\u00f6chten wir sicherstellen, dass jeder Einkauf eine positive Erfahrung ist. Wenn Sie mit Ihrer Bestellung nicht vollst\u00e4ndig zufrieden sind, bieten wir einen klaren und sicheren Prozess f\u00fcr R\u00fcckgaben und R\u00fcckerstattungen. 1. R\u00fcckgabebedingungen Anfragen innerhalb von 30 Tagen nach Erhalt des Produkts. Das Produkt muss unbenutzt, [&hellip;]\" \/>\n<meta property=\"og:url\" content=\"https:\/\/www.arvobau.com\/widerrufsbelehrung\/\" \/>\n<meta property=\"og:site_name\" content=\"Werkzeuge &amp; Baustoffe\" \/>\n<meta property=\"article:modified_time\" content=\"2026-04-20T03:32:05+00:00\" \/>\n<meta name=\"twitter:card\" content=\"summary_large_image\" \/>\n<meta name=\"twitter:label1\" content=\"Gesch\u00e4tzte Lesezeit\" \/>\n\t<meta name=\"twitter:data1\" content=\"2\u00a0Minuten\" \/>\n<script type=\"application\/ld+json\" class=\"yoast-schema-graph\">{\"@context\":\"https:\\\/\\\/schema.org\",\"@graph\":[{\"@type\":\"WebPage\",\"@id\":\"https:\\\/\\\/www.arvobau.com\\\/widerrufsbelehrung\\\/\",\"url\":\"https:\\\/\\\/www.arvobau.com\\\/widerrufsbelehrung\\\/\",\"name\":\"Widerrufsbelehrung - Werkzeuge &amp; Baustoffe\",\"isPartOf\":{\"@id\":\"https:\\\/\\\/www.arvobau.com\\\/#website\"},\"datePublished\":\"2026-04-07T02:57:05+00:00\",\"dateModified\":\"2026-04-20T03:32:05+00:00\",\"breadcrumb\":{\"@id\":\"https:\\\/\\\/www.arvobau.com\\\/widerrufsbelehrung\\\/#breadcrumb\"},\"inLanguage\":\"de\",\"potentialAction\":[{\"@type\":\"ReadAction\",\"target\":[\"https:\\\/\\\/www.arvobau.com\\\/widerrufsbelehrung\\\/\"]}]},{\"@type\":\"BreadcrumbList\",\"@id\":\"https:\\\/\\\/www.arvobau.com\\\/widerrufsbelehrung\\\/#breadcrumb\",\"itemListElement\":[{\"@type\":\"ListItem\",\"position\":1,\"name\":\"Home\",\"item\":\"https:\\\/\\\/www.arvobau.com\\\/\"},{\"@type\":\"ListItem\",\"position\":2,\"name\":\"Widerrufsbelehrung\"}]},{\"@type\":\"WebSite\",\"@id\":\"https:\\\/\\\/www.arvobau.com\\\/#website\",\"url\":\"https:\\\/\\\/www.arvobau.com\\\/\",\"name\":\"Werkzeuge &amp; Baustoffe\",\"description\":\"Werkzeuge &amp; Baustoffe\",\"publisher\":{\"@id\":\"https:\\\/\\\/www.arvobau.com\\\/#organization\"},\"potentialAction\":[{\"@type\":\"SearchAction\",\"target\":{\"@type\":\"EntryPoint\",\"urlTemplate\":\"https:\\\/\\\/www.arvobau.com\\\/?s={search_term_string}\"},\"query-input\":{\"@type\":\"PropertyValueSpecification\",\"valueRequired\":true,\"valueName\":\"search_term_string\"}}],\"inLanguage\":\"de\"},{\"@type\":\"Organization\",\"@id\":\"https:\\\/\\\/www.arvobau.com\\\/#organization\",\"name\":\"Werkzeuge &amp; Baustoffe\",\"url\":\"https:\\\/\\\/www.arvobau.com\\\/\",\"logo\":{\"@type\":\"ImageObject\",\"inLanguage\":\"de\",\"@id\":\"https:\\\/\\\/www.arvobau.com\\\/#\\\/schema\\\/logo\\\/image\\\/\",\"url\":\"https:\\\/\\\/www.arvobau.com\\\/wp-content\\\/uploads\\\/2026\\\/04\\\/arvobau-logo.svg\",\"contentUrl\":\"https:\\\/\\\/www.arvobau.com\\\/wp-content\\\/uploads\\\/2026\\\/04\\\/arvobau-logo.svg\",\"width\":560,\"height\":160,\"caption\":\"Werkzeuge &amp; Baustoffe\"},\"image\":{\"@id\":\"https:\\\/\\\/www.arvobau.com\\\/#\\\/schema\\\/logo\\\/image\\\/\"}}]}<\/script>\n<!-- \/ Yoast SEO plugin. -->","yoast_head_json":{"title":"Widerrufsbelehrung - Werkzeuge &amp; Baustoffe","robots":{"index":"index","follow":"follow","max-snippet":"max-snippet:-1","max-image-preview":"max-image-preview:large","max-video-preview":"max-video-preview:-1"},"canonical":"https:\/\/www.arvobau.com\/widerrufsbelehrung\/","og_locale":"de_DE","og_type":"article","og_title":"Widerrufsbelehrung - Werkzeuge &amp; Baustoffe","og_description":"R\u00fcckgabe- und R\u00fcckerstattungsrichtlinie &#8211; arvobau.com R\u00fcckgabe- und R\u00fcckerstattungsrichtlinie Bei arvobau.com m\u00f6chten wir sicherstellen, dass jeder Einkauf eine positive Erfahrung ist. Wenn Sie mit Ihrer Bestellung nicht vollst\u00e4ndig zufrieden sind, bieten wir einen klaren und sicheren Prozess f\u00fcr R\u00fcckgaben und R\u00fcckerstattungen. 1. R\u00fcckgabebedingungen Anfragen innerhalb von 30 Tagen nach Erhalt des Produkts. Das Produkt muss unbenutzt, [&hellip;]","og_url":"https:\/\/www.arvobau.com\/widerrufsbelehrung\/","og_site_name":"Werkzeuge &amp; Baustoffe","article_modified_time":"2026-04-20T03:32:05+00:00","twitter_card":"summary_large_image","twitter_misc":{"Gesch\u00e4tzte Lesezeit":"2\u00a0Minuten"},"schema":{"@context":"https:\/\/schema.org","@graph":[{"@type":"WebPage","@id":"https:\/\/www.arvobau.com\/widerrufsbelehrung\/","url":"https:\/\/www.arvobau.com\/widerrufsbelehrung\/","name":"Widerrufsbelehrung - Werkzeuge &amp; Baustoffe","isPartOf":{"@id":"https:\/\/www.arvobau.com\/#website"},"datePublished":"2026-04-07T02:57:05+00:00","dateModified":"2026-04-20T03:32:05+00:00","breadcrumb":{"@id":"https:\/\/www.arvobau.com\/widerrufsbelehrung\/#breadcrumb"},"inLanguage":"de","potentialAction":[{"@type":"ReadAction","target":["https:\/\/www.arvobau.com\/widerrufsbelehrung\/"]}]},{"@type":"BreadcrumbList","@id":"https:\/\/www.arvobau.com\/widerrufsbelehrung\/#breadcrumb","itemListElement":[{"@type":"ListItem","position":1,"name":"Home","item":"https:\/\/www.arvobau.com\/"},{"@type":"ListItem","position":2,"name":"Widerrufsbelehrung"}]},{"@type":"WebSite","@id":"https:\/\/www.arvobau.com\/#website","url":"https:\/\/www.arvobau.com\/","name":"Werkzeuge &amp; Baustoffe","description":"Werkzeuge &amp; Baustoffe","publisher":{"@id":"https:\/\/www.arvobau.com\/#organization"},"potentialAction":[{"@type":"SearchAction","target":{"@type":"EntryPoint","urlTemplate":"https:\/\/www.arvobau.com\/?s={search_term_string}"},"query-input":{"@type":"PropertyValueSpecification","valueRequired":true,"valueName":"search_term_string"}}],"inLanguage":"de"},{"@type":"Organization","@id":"https:\/\/www.arvobau.com\/#organization","name":"Werkzeuge &amp; Baustoffe","url":"https:\/\/www.arvobau.com\/","logo":{"@type":"ImageObject","inLanguage":"de","@id":"https:\/\/www.arvobau.com\/#\/schema\/logo\/image\/","url":"https:\/\/www.arvobau.com\/wp-content\/uploads\/2026\/04\/arvobau-logo.svg","contentUrl":"https:\/\/www.arvobau.com\/wp-content\/uploads\/2026\/04\/arvobau-logo.svg","width":560,"height":160,"caption":"Werkzeuge &amp; Baustoffe"},"image":{"@id":"https:\/\/www.arvobau.com\/#\/schema\/logo\/image\/"}}]}},"_links":{"self":[{"href":"https:\/\/www.arvobau.com\/wp-json\/wp\/v2\/pages\/578","targetHints":{"allow":["GET"]}}],"collection":[{"href":"https:\/\/www.arvobau.com\/wp-json\/wp\/v2\/pages"}],"about":[{"href":"https:\/\/www.arvobau.com\/wp-json\/wp\/v2\/types\/page"}],"author":[{"embeddable":true,"href":"https:\/\/www.arvobau.com\/wp-json\/wp\/v2\/users\/1"}],"replies":[{"embeddable":true,"href":"https:\/\/www.arvobau.com\/wp-json\/wp\/v2\/comments?post=578"}],"version-history":[{"count":2,"href":"https:\/\/www.arvobau.com\/wp-json\/wp\/v2\/pages\/578\/revisions"}],"predecessor-version":[{"id":78725,"href":"https:\/\/www.arvobau.com\/wp-json\/wp\/v2\/pages\/578\/revisions\/78725"}],"wp:attachment":[{"href":"https:\/\/www.arvobau.com\/wp-json\/wp\/v2\/media?parent=578"}],"curies":[{"name":"wp","href":"https:\/\/api.w.org\/{rel}","templated":true}]}}