{"id":78625,"date":"2026-04-18T09:19:25","date_gmt":"2026-04-18T09:19:25","guid":{"rendered":""},"modified":"2026-04-18T09:19:25","modified_gmt":"2026-04-18T09:19:25","slug":"billig-hydroprimer-ral-2008-hellrotorange-wasserverdunnbare-allgrund-innen-amp-aussen-78625","status":"publish","type":"product","link":"https:\/\/www.arvobau.com\/produkt\/billig-hydroprimer-ral-2008-hellrotorange-wasserverdunnbare-allgrund-innen-amp-aussen-78625\/","title":{"rendered":"Billig Hydroprimer (RAL 2008 Hellrotorange) wasserverd\u00fcnnbare Allgrund (Innen&amp;Au\u00dfen)"},"content":{"rendered":"<div class=\"product--description\" itemprop=\"description\">\n<h2>Hydroprimer (RAL 2008 Hellrotorange) wasserverd\u00fcnnbare Allgrund (Innen&#038;Au\u00dfen)<\/h2>\n<p>Der wasserverd\u00fcnnbare Allgrund der Zukunft<\/p>\n<h3>Artikelbeschreibung<\/h3>\n<p>Wasserverd\u00fcnnbarer Universal-Primer mit enormer Haftung f\u00fcr au\u00dfen und innen<\/p>\n<h3>Artikeldetails<\/h3>\n<ul>\n<li>sichere Haftungseigenschaften auf Zink, Aluminium, Eisenmetallen, Hart-PVC und Holzbauteilen<\/li>\n<li>sch\u00fctzt vor Korrosion durch aktive Pigmentierung<\/li>\n<li>mit allen Herbol-Acryl- und -Alkydlacken \u00fcberarbeitbar<\/li>\n<li>extrem schnelle Trocknung mit gutem Verlauf<\/li>\n<li>Glanzgrad: Seidenmatt<\/li>\n<\/ul>\n<h3>Verbrauch<\/h3>\n<p>Die Reichweite betr&auml;gt laut Hersteller ca. 10 m&sup2;\/Liter. Der Verbrauch ist dabei abh&auml;ngig von der Auftragsart und dem Untergrund. Bei diesen Verbrauchszahlen handelt es sich um Richtwerte. Weitere Infos entnehmen Sie bitte dem technischen Merkblatt.<\/p>\n<h3>Datenbl&auml;tter &#038; Dokumente<\/h3>\n<h4>Sicherheitsdatenbl&auml;tter<\/h4>\n<p><strong>&#10515;<\/strong> Sicherheitsdatenblatt (PDF)<\/p>\n<h4>Technische Merkbl&auml;tter<\/h4>\n<p><strong>&#10515;<\/strong> Technisches Merkblatt (PDF)<\/p>\n<h3>Kennzeichnungselemente<\/h3>\n<h4>Gefahrenhinweise<\/h4>\n<h5>Gesundheitsgefahren<\/h5>\n<ul>\n<li>H412 &#8211; Sch\u00e4dlich f\u00fcr Wasserorganismen, mit langfristiger Wirkung. <\/li>\n<\/ul>\n<h4>Sicherheitshinweise<\/h4>\n<h5>Allgemein<\/h5>\n<ul>\n<li>P101 &#8211; Ist \u00e4rztlicher Rat erforderlich, Verpackung oder Kennzeichnungsetikett bereithalten. <\/li>\n<li>P102 &#8211; Darf nicht in die H\u00e4nde von Kindern gelangen. <\/li>\n<\/ul>\n<h5>Pr\u00e4vention<\/h5>\n<ul>\n<li>P273 &#8211; Freisetzung in die Umwelt vermeiden.<\/li>\n<\/ul>\n<h5>Entsorgung<\/h5>\n<ul>\n<li>P501 &#8211; Inhalt\/Beh\u00e4lter gem\u00e4\u00df lokalen\/ nationalen Vorschriften der Entsorgung zuf\u00fchren.<\/li>\n<\/ul>\n<h3>Hinweise<\/h3>\n<h4>&#x26A0; Hinweis zur Farbtondarstellung<\/h4>\n<p>Aus technischen Gr&uuml;nden kann die Farbtondarstellung an einem Monitor vom originalen Farbmuster abweichen. F&uuml;r einen verbindlichen Vergleich empfehlen wir eine originale Farbtonvorlage des Farbtons zu verwenden.<\/p>\n<h4>&#x26A0; Hinweis zur Sonderanfertigung des Farbtons<\/h4>\n<p>Der Artikel wird extra auf Ihren Wunsch hin &uuml;ber eine unserer Farbmischmaschinen angemischt. Damit handelt es sich um eine Sonderanfertigung und ist somit von einer R&uuml;ckgabe ausgeschlossen.<\/p>\n<h3>Angaben zur Produktsicherheit<\/h3>\n<h4>Hersteller<\/h4>\n<p>Akzo Nobel Deco GmbH, Am Coloneum 2, 50829 K\u00f6ln, www.akzonobel.com<\/p>\n<\/p><\/div>\n<div class=\"content--title\"> Weiterf\u00fchrende Links zu &#8222;Hydroprimer (RAL 2008 Hellrotorange) wasserverd\u00fcnnbare Allgrund (Innen&amp;Au\u00dfen)&#8220; <\/div>\n<ul class=\"content--list list--unstyled\">\n<li class=\"list--entry\">  <i class=\"icon--arrow-right\"><\/i> Fragen zum Artikel?  <\/li>\n<li class=\"list--entry\">  <i class=\"icon--arrow-right\"><\/i> Weitere Artikel von Herbol  <\/li>\n<\/ul><\/div>\n<\/p><\/div>\n<\/p><\/div>\n<div class=\"tab--container\">\n<div class=\"tab--header\">    <\/div>\n","protected":false},"excerpt":{"rendered":"<p>Hydroprimer (RAL 2008 Hellrotorange) wasserverd\u00fcnnbare Allgrund (Innen&#038;Au\u00dfen) Der wasserverd\u00fcnnbare Allgrund der Zukunft Artikelbeschreibung Wasserverd\u00fcnnbarer Universal-Primer mit enormer Haftung f\u00fcr au\u00dfen und innen Artikeldetails sichere Haftungseigenschaften auf Zink, Aluminium, Eisenmetallen, Hart-PVC und Holzbauteilen sch\u00fctzt vor Korrosion durch aktive Pigmentierung mit allen Herbol-Acryl- und -Alkydlacken \u00fcberarbeitbar extrem schnelle Trocknung mit gutem Verlauf Glanzgrad: Seidenmatt Verbrauch Die Reichweite [&hellip;]<\/p>\n","protected":false},"featured_media":78709,"template":"","meta":[],"product_brand":[],"product_cat":[70],"product_tag":[],"class_list":{"0":"post-78625","1":"product","2":"type-product","3":"status-publish","4":"has-post-thumbnail","6":"product_cat-ral-farbtone","8":"first","9":"instock","10":"sale","11":"shipping-taxable","12":"purchasable","13":"product-type-simple"},"yoast_head":"<!-- This site is optimized with the Yoast SEO plugin v27.3 - https:\/\/yoast.com\/product\/yoast-seo-wordpress\/ -->\n<title>Billig Hydroprimer (RAL 2008 Hellrotorange) wasserverd\u00fcnnbare Allgrund (Innen&amp;Au\u00dfen) - Werkzeuge &amp; Baustoffe<\/title>\n<meta name=\"robots\" content=\"index, follow, max-snippet:-1, max-image-preview:large, max-video-preview:-1\" \/>\n<link rel=\"canonical\" href=\"https:\/\/www.arvobau.com\/index.php\/produkt\/billig-hydroprimer-ral-2008-hellrotorange-wasserverdunnbare-allgrund-innen-amp-aussen-78625\/\" \/>\n<meta property=\"og:locale\" content=\"de_DE\" \/>\n<meta property=\"og:type\" content=\"article\" \/>\n<meta property=\"og:title\" content=\"Billig Hydroprimer (RAL 2008 Hellrotorange) wasserverd\u00fcnnbare Allgrund (Innen&amp;Au\u00dfen) - Werkzeuge &amp; Baustoffe\" \/>\n<meta property=\"og:description\" content=\"Hydroprimer (RAL 2008 Hellrotorange) wasserverd\u00fcnnbare Allgrund (Innen&#038;Au\u00dfen) Der wasserverd\u00fcnnbare Allgrund der Zukunft Artikelbeschreibung Wasserverd\u00fcnnbarer Universal-Primer mit enormer Haftung f\u00fcr au\u00dfen und innen Artikeldetails sichere Haftungseigenschaften auf Zink, Aluminium, Eisenmetallen, Hart-PVC und Holzbauteilen sch\u00fctzt vor Korrosion durch aktive Pigmentierung mit allen Herbol-Acryl- und -Alkydlacken \u00fcberarbeitbar extrem schnelle Trocknung mit gutem Verlauf Glanzgrad: Seidenmatt Verbrauch Die Reichweite [&hellip;]\" \/>\n<meta property=\"og:url\" content=\"https:\/\/www.arvobau.com\/index.php\/produkt\/billig-hydroprimer-ral-2008-hellrotorange-wasserverdunnbare-allgrund-innen-amp-aussen-78625\/\" \/>\n<meta property=\"og:site_name\" content=\"Werkzeuge &amp; Baustoffe\" \/>\n<meta property=\"og:image\" content=\"https:\/\/www.arvobau.com\/wp-content\/uploads\/2026\/SK0044998-DE20260409-082744-0-1775694468-HRB0012RAL2008.webp\" \/>\n\t<meta property=\"og:image:width\" content=\"800\" \/>\n\t<meta property=\"og:image:height\" content=\"800\" \/>\n\t<meta property=\"og:image:type\" content=\"image\/webp\" \/>\n<meta name=\"twitter:card\" content=\"summary_large_image\" \/>\n<meta name=\"twitter:label1\" content=\"Gesch\u00e4tzte Lesezeit\" \/>\n\t<meta name=\"twitter:data1\" content=\"1\u00a0Minute\" \/>\n<script type=\"application\/ld+json\" class=\"yoast-schema-graph\">{\"@context\":\"https:\\\/\\\/schema.org\",\"@graph\":[{\"@type\":\"WebPage\",\"@id\":\"https:\\\/\\\/www.arvobau.com\\\/index.php\\\/produkt\\\/billig-hydroprimer-ral-2008-hellrotorange-wasserverdunnbare-allgrund-innen-amp-aussen-78625\\\/\",\"url\":\"https:\\\/\\\/www.arvobau.com\\\/index.php\\\/produkt\\\/billig-hydroprimer-ral-2008-hellrotorange-wasserverdunnbare-allgrund-innen-amp-aussen-78625\\\/\",\"name\":\"Billig Hydroprimer (RAL 2008 Hellrotorange) wasserverd\u00fcnnbare Allgrund (Innen&amp;Au\u00dfen) - Werkzeuge &amp; Baustoffe\",\"isPartOf\":{\"@id\":\"https:\\\/\\\/www.arvobau.com\\\/#website\"},\"primaryImageOfPage\":{\"@id\":\"https:\\\/\\\/www.arvobau.com\\\/index.php\\\/produkt\\\/billig-hydroprimer-ral-2008-hellrotorange-wasserverdunnbare-allgrund-innen-amp-aussen-78625\\\/#primaryimage\"},\"image\":{\"@id\":\"https:\\\/\\\/www.arvobau.com\\\/index.php\\\/produkt\\\/billig-hydroprimer-ral-2008-hellrotorange-wasserverdunnbare-allgrund-innen-amp-aussen-78625\\\/#primaryimage\"},\"thumbnailUrl\":\"https:\\\/\\\/www.arvobau.com\\\/wp-content\\\/uploads\\\/2026\\\/SK0044998-DE20260409-082744-0-1775694468-HRB0012RAL2008.webp\",\"datePublished\":\"2026-04-18T09:19:25+00:00\",\"breadcrumb\":{\"@id\":\"https:\\\/\\\/www.arvobau.com\\\/index.php\\\/produkt\\\/billig-hydroprimer-ral-2008-hellrotorange-wasserverdunnbare-allgrund-innen-amp-aussen-78625\\\/#breadcrumb\"},\"inLanguage\":\"de\",\"potentialAction\":[{\"@type\":\"ReadAction\",\"target\":[\"https:\\\/\\\/www.arvobau.com\\\/index.php\\\/produkt\\\/billig-hydroprimer-ral-2008-hellrotorange-wasserverdunnbare-allgrund-innen-amp-aussen-78625\\\/\"]}]},{\"@type\":\"ImageObject\",\"inLanguage\":\"de\",\"@id\":\"https:\\\/\\\/www.arvobau.com\\\/index.php\\\/produkt\\\/billig-hydroprimer-ral-2008-hellrotorange-wasserverdunnbare-allgrund-innen-amp-aussen-78625\\\/#primaryimage\",\"url\":\"https:\\\/\\\/www.arvobau.com\\\/wp-content\\\/uploads\\\/2026\\\/SK0044998-DE20260409-082744-0-1775694468-HRB0012RAL2008.webp\",\"contentUrl\":\"https:\\\/\\\/www.arvobau.com\\\/wp-content\\\/uploads\\\/2026\\\/SK0044998-DE20260409-082744-0-1775694468-HRB0012RAL2008.webp\",\"width\":800,\"height\":800},{\"@type\":\"BreadcrumbList\",\"@id\":\"https:\\\/\\\/www.arvobau.com\\\/index.php\\\/produkt\\\/billig-hydroprimer-ral-2008-hellrotorange-wasserverdunnbare-allgrund-innen-amp-aussen-78625\\\/#breadcrumb\",\"itemListElement\":[{\"@type\":\"ListItem\",\"position\":1,\"name\":\"Home\",\"item\":\"https:\\\/\\\/www.arvobau.com\\\/\"},{\"@type\":\"ListItem\",\"position\":2,\"name\":\"Take Your Adventure To The Next Level\",\"item\":\"https:\\\/\\\/www.arvobau.com\\\/shop-2\\\/\"},{\"@type\":\"ListItem\",\"position\":3,\"name\":\"Billig Hydroprimer (RAL 2008 Hellrotorange) wasserverd\u00fcnnbare Allgrund (Innen&amp;Au\u00dfen)\"}]},{\"@type\":\"WebSite\",\"@id\":\"https:\\\/\\\/www.arvobau.com\\\/#website\",\"url\":\"https:\\\/\\\/www.arvobau.com\\\/\",\"name\":\"Werkzeuge &amp; Baustoffe\",\"description\":\"Werkzeuge &amp; Baustoffe\",\"publisher\":{\"@id\":\"https:\\\/\\\/www.arvobau.com\\\/#organization\"},\"potentialAction\":[{\"@type\":\"SearchAction\",\"target\":{\"@type\":\"EntryPoint\",\"urlTemplate\":\"https:\\\/\\\/www.arvobau.com\\\/?s={search_term_string}\"},\"query-input\":{\"@type\":\"PropertyValueSpecification\",\"valueRequired\":true,\"valueName\":\"search_term_string\"}}],\"inLanguage\":\"de\"},{\"@type\":\"Organization\",\"@id\":\"https:\\\/\\\/www.arvobau.com\\\/#organization\",\"name\":\"Werkzeuge &amp; Baustoffe\",\"url\":\"https:\\\/\\\/www.arvobau.com\\\/\",\"logo\":{\"@type\":\"ImageObject\",\"inLanguage\":\"de\",\"@id\":\"https:\\\/\\\/www.arvobau.com\\\/#\\\/schema\\\/logo\\\/image\\\/\",\"url\":\"https:\\\/\\\/www.arvobau.com\\\/wp-content\\\/uploads\\\/2026\\\/04\\\/arvobau-logo.svg\",\"contentUrl\":\"https:\\\/\\\/www.arvobau.com\\\/wp-content\\\/uploads\\\/2026\\\/04\\\/arvobau-logo.svg\",\"width\":560,\"height\":160,\"caption\":\"Werkzeuge &amp; Baustoffe\"},\"image\":{\"@id\":\"https:\\\/\\\/www.arvobau.com\\\/#\\\/schema\\\/logo\\\/image\\\/\"}}]}<\/script>\n<!-- \/ Yoast SEO plugin. -->","yoast_head_json":{"title":"Billig Hydroprimer (RAL 2008 Hellrotorange) wasserverd\u00fcnnbare Allgrund (Innen&amp;Au\u00dfen) - Werkzeuge &amp; Baustoffe","robots":{"index":"index","follow":"follow","max-snippet":"max-snippet:-1","max-image-preview":"max-image-preview:large","max-video-preview":"max-video-preview:-1"},"canonical":"https:\/\/www.arvobau.com\/index.php\/produkt\/billig-hydroprimer-ral-2008-hellrotorange-wasserverdunnbare-allgrund-innen-amp-aussen-78625\/","og_locale":"de_DE","og_type":"article","og_title":"Billig Hydroprimer (RAL 2008 Hellrotorange) wasserverd\u00fcnnbare Allgrund (Innen&amp;Au\u00dfen) - Werkzeuge &amp; Baustoffe","og_description":"Hydroprimer (RAL 2008 Hellrotorange) wasserverd\u00fcnnbare Allgrund (Innen&#038;Au\u00dfen) Der wasserverd\u00fcnnbare Allgrund der Zukunft Artikelbeschreibung Wasserverd\u00fcnnbarer Universal-Primer mit enormer Haftung f\u00fcr au\u00dfen und innen Artikeldetails sichere Haftungseigenschaften auf Zink, Aluminium, Eisenmetallen, Hart-PVC und Holzbauteilen sch\u00fctzt vor Korrosion durch aktive Pigmentierung mit allen Herbol-Acryl- und -Alkydlacken \u00fcberarbeitbar extrem schnelle Trocknung mit gutem Verlauf Glanzgrad: Seidenmatt Verbrauch Die Reichweite [&hellip;]","og_url":"https:\/\/www.arvobau.com\/index.php\/produkt\/billig-hydroprimer-ral-2008-hellrotorange-wasserverdunnbare-allgrund-innen-amp-aussen-78625\/","og_site_name":"Werkzeuge &amp; Baustoffe","og_image":[{"width":800,"height":800,"url":"https:\/\/www.arvobau.com\/wp-content\/uploads\/2026\/SK0044998-DE20260409-082744-0-1775694468-HRB0012RAL2008.webp","type":"image\/webp"}],"twitter_card":"summary_large_image","twitter_misc":{"Gesch\u00e4tzte Lesezeit":"1\u00a0Minute"},"schema":{"@context":"https:\/\/schema.org","@graph":[{"@type":"WebPage","@id":"https:\/\/www.arvobau.com\/index.php\/produkt\/billig-hydroprimer-ral-2008-hellrotorange-wasserverdunnbare-allgrund-innen-amp-aussen-78625\/","url":"https:\/\/www.arvobau.com\/index.php\/produkt\/billig-hydroprimer-ral-2008-hellrotorange-wasserverdunnbare-allgrund-innen-amp-aussen-78625\/","name":"Billig Hydroprimer (RAL 2008 Hellrotorange) wasserverd\u00fcnnbare Allgrund (Innen&amp;Au\u00dfen) - Werkzeuge &amp; Baustoffe","isPartOf":{"@id":"https:\/\/www.arvobau.com\/#website"},"primaryImageOfPage":{"@id":"https:\/\/www.arvobau.com\/index.php\/produkt\/billig-hydroprimer-ral-2008-hellrotorange-wasserverdunnbare-allgrund-innen-amp-aussen-78625\/#primaryimage"},"image":{"@id":"https:\/\/www.arvobau.com\/index.php\/produkt\/billig-hydroprimer-ral-2008-hellrotorange-wasserverdunnbare-allgrund-innen-amp-aussen-78625\/#primaryimage"},"thumbnailUrl":"https:\/\/www.arvobau.com\/wp-content\/uploads\/2026\/SK0044998-DE20260409-082744-0-1775694468-HRB0012RAL2008.webp","datePublished":"2026-04-18T09:19:25+00:00","breadcrumb":{"@id":"https:\/\/www.arvobau.com\/index.php\/produkt\/billig-hydroprimer-ral-2008-hellrotorange-wasserverdunnbare-allgrund-innen-amp-aussen-78625\/#breadcrumb"},"inLanguage":"de","potentialAction":[{"@type":"ReadAction","target":["https:\/\/www.arvobau.com\/index.php\/produkt\/billig-hydroprimer-ral-2008-hellrotorange-wasserverdunnbare-allgrund-innen-amp-aussen-78625\/"]}]},{"@type":"ImageObject","inLanguage":"de","@id":"https:\/\/www.arvobau.com\/index.php\/produkt\/billig-hydroprimer-ral-2008-hellrotorange-wasserverdunnbare-allgrund-innen-amp-aussen-78625\/#primaryimage","url":"https:\/\/www.arvobau.com\/wp-content\/uploads\/2026\/SK0044998-DE20260409-082744-0-1775694468-HRB0012RAL2008.webp","contentUrl":"https:\/\/www.arvobau.com\/wp-content\/uploads\/2026\/SK0044998-DE20260409-082744-0-1775694468-HRB0012RAL2008.webp","width":800,"height":800},{"@type":"BreadcrumbList","@id":"https:\/\/www.arvobau.com\/index.php\/produkt\/billig-hydroprimer-ral-2008-hellrotorange-wasserverdunnbare-allgrund-innen-amp-aussen-78625\/#breadcrumb","itemListElement":[{"@type":"ListItem","position":1,"name":"Home","item":"https:\/\/www.arvobau.com\/"},{"@type":"ListItem","position":2,"name":"Take Your Adventure To The Next Level","item":"https:\/\/www.arvobau.com\/shop-2\/"},{"@type":"ListItem","position":3,"name":"Billig Hydroprimer (RAL 2008 Hellrotorange) wasserverd\u00fcnnbare Allgrund (Innen&amp;Au\u00dfen)"}]},{"@type":"WebSite","@id":"https:\/\/www.arvobau.com\/#website","url":"https:\/\/www.arvobau.com\/","name":"Werkzeuge &amp; Baustoffe","description":"Werkzeuge &amp; Baustoffe","publisher":{"@id":"https:\/\/www.arvobau.com\/#organization"},"potentialAction":[{"@type":"SearchAction","target":{"@type":"EntryPoint","urlTemplate":"https:\/\/www.arvobau.com\/?s={search_term_string}"},"query-input":{"@type":"PropertyValueSpecification","valueRequired":true,"valueName":"search_term_string"}}],"inLanguage":"de"},{"@type":"Organization","@id":"https:\/\/www.arvobau.com\/#organization","name":"Werkzeuge &amp; Baustoffe","url":"https:\/\/www.arvobau.com\/","logo":{"@type":"ImageObject","inLanguage":"de","@id":"https:\/\/www.arvobau.com\/#\/schema\/logo\/image\/","url":"https:\/\/www.arvobau.com\/wp-content\/uploads\/2026\/04\/arvobau-logo.svg","contentUrl":"https:\/\/www.arvobau.com\/wp-content\/uploads\/2026\/04\/arvobau-logo.svg","width":560,"height":160,"caption":"Werkzeuge &amp; Baustoffe"},"image":{"@id":"https:\/\/www.arvobau.com\/#\/schema\/logo\/image\/"}}]}},"_links":{"self":[{"href":"https:\/\/www.arvobau.com\/wp-json\/wp\/v2\/product\/78625","targetHints":{"allow":["GET"]}}],"collection":[{"href":"https:\/\/www.arvobau.com\/wp-json\/wp\/v2\/product"}],"about":[{"href":"https:\/\/www.arvobau.com\/wp-json\/wp\/v2\/types\/product"}],"wp:featuredmedia":[{"embeddable":true,"href":"https:\/\/www.arvobau.com\/wp-json\/wp\/v2\/media\/78709"}],"wp:attachment":[{"href":"https:\/\/www.arvobau.com\/wp-json\/wp\/v2\/media?parent=78625"}],"wp:term":[{"taxonomy":"product_brand","embeddable":true,"href":"https:\/\/www.arvobau.com\/wp-json\/wp\/v2\/product_brand?post=78625"},{"taxonomy":"product_cat","embeddable":true,"href":"https:\/\/www.arvobau.com\/wp-json\/wp\/v2\/product_cat?post=78625"},{"taxonomy":"product_tag","embeddable":true,"href":"https:\/\/www.arvobau.com\/wp-json\/wp\/v2\/product_tag?post=78625"}],"curies":[{"name":"wp","href":"https:\/\/api.w.org\/{rel}","templated":true}]}}